{"id":45060,"date":"2022-09-21T14:48:34","date_gmt":"2022-09-21T14:48:34","guid":{"rendered":"https:\/\/hawanasalalah.com\/?page_id=45060"},"modified":"2025-06-03T10:14:16","modified_gmt":"2025-06-03T10:14:16","slug":"stay","status":"publish","type":"page","link":"https:\/\/hawanasalalah.com\/de\/stay\/","title":{"rendered":"Hotels"},"content":{"rendered":"","protected":false},"excerpt":{"rendered":"","protected":false},"author":3,"featured_media":0,"parent":0,"menu_order":0,"comment_status":"closed","ping_status":"closed","template":"page-templates\/page-stay.php","meta":{"_acf_changed":false,"footnotes":""},"class_list":["post-45060","page","type-page","status-publish","hentry"],"acf":[],"yoast_head":"<!-- This site is optimized with the Yoast SEO plugin v27.4 - https:\/\/yoast.com\/product\/yoast-seo-wordpress\/ -->\n<title>Beste Hotels in Salalah \u2013 Hawana Salalah Hotels \u2013 Top-Hotels in Salalah.<\/title>\n<meta name=\"description\" content=\"&quot;In Hawana Salalah finden Sie zahlreiche Zimmer und Suiten mit au\u00dfergew\u00f6hnlicher Ausstattung und herausragendem Service f\u00fcr einen ultimativen Urlaub.&quot;\" \/>\n<meta name=\"robots\" content=\"index, follow, max-snippet:-1, max-image-preview:large, max-video-preview:-1\" \/>\n<link rel=\"canonical\" href=\"https:\/\/hawanasalalah.com\/de\/stay\/\" \/>\n<meta property=\"og:locale\" content=\"de_DE\" \/>\n<meta property=\"og:type\" content=\"article\" \/>\n<meta property=\"og:title\" content=\"Beste Hotels in Salalah \u2013 Hawana Salalah Hotels \u2013 Top-Hotels in Salalah.\" \/>\n<meta property=\"og:description\" content=\"&quot;In Hawana Salalah finden Sie zahlreiche Zimmer und Suiten mit au\u00dfergew\u00f6hnlicher Ausstattung und herausragendem Service f\u00fcr einen ultimativen Urlaub.&quot;\" \/>\n<meta property=\"og:url\" content=\"https:\/\/hawanasalalah.com\/de\/stay\/\" \/>\n<meta property=\"og:site_name\" content=\"Hawana Salalah\" \/>\n<meta property=\"article:modified_time\" content=\"2025-06-03T10:14:16+00:00\" \/>\n<meta name=\"twitter:card\" content=\"summary_large_image\" \/>\n<script type=\"application\/ld+json\" class=\"yoast-schema-graph\">{\"@context\":\"https:\\\/\\\/schema.org\",\"@graph\":[{\"@type\":\"WebPage\",\"@id\":\"https:\\\/\\\/hawanasalalah.com\\\/de\\\/stay\\\/\",\"url\":\"https:\\\/\\\/hawanasalalah.com\\\/de\\\/stay\\\/\",\"name\":\"Beste Hotels in Salalah \u2013 Hawana Salalah Hotels \u2013 Top-Hotels in Salalah.\",\"isPartOf\":{\"@id\":\"https:\\\/\\\/hawanasalalah.com\\\/de\\\/#website\"},\"datePublished\":\"2022-09-21T14:48:34+00:00\",\"dateModified\":\"2025-06-03T10:14:16+00:00\",\"description\":\"\\\"In Hawana Salalah finden Sie zahlreiche Zimmer und Suiten mit au\u00dfergew\u00f6hnlicher Ausstattung und herausragendem Service f\u00fcr einen ultimativen Urlaub.\\\"\",\"breadcrumb\":{\"@id\":\"https:\\\/\\\/hawanasalalah.com\\\/de\\\/stay\\\/#breadcrumb\"},\"inLanguage\":\"de-DE\",\"potentialAction\":[{\"@type\":\"ReadAction\",\"target\":[\"https:\\\/\\\/hawanasalalah.com\\\/de\\\/stay\\\/\"]}]},{\"@type\":\"BreadcrumbList\",\"@id\":\"https:\\\/\\\/hawanasalalah.com\\\/de\\\/stay\\\/#breadcrumb\",\"itemListElement\":[{\"@type\":\"ListItem\",\"position\":1,\"name\":\"Home\",\"item\":\"https:\\\/\\\/hawanasalalah.com\\\/de\\\/\"},{\"@type\":\"ListItem\",\"position\":2,\"name\":\"Hotels\"}]},{\"@type\":\"WebSite\",\"@id\":\"https:\\\/\\\/hawanasalalah.com\\\/de\\\/#website\",\"url\":\"https:\\\/\\\/hawanasalalah.com\\\/de\\\/\",\"name\":\"Hawana Salalah\",\"description\":\"\",\"potentialAction\":[{\"@type\":\"SearchAction\",\"target\":{\"@type\":\"EntryPoint\",\"urlTemplate\":\"https:\\\/\\\/hawanasalalah.com\\\/de\\\/?s={search_term_string}\"},\"query-input\":{\"@type\":\"PropertyValueSpecification\",\"valueRequired\":true,\"valueName\":\"search_term_string\"}}],\"inLanguage\":\"de-DE\"}]}<\/script>\n<!-- \/ Yoast SEO plugin. -->","yoast_head_json":{"title":"Beste Hotels in Salalah \u2013 Hawana Salalah Hotels \u2013 Top-Hotels in Salalah.","description":"\"In Hawana Salalah finden Sie zahlreiche Zimmer und Suiten mit au\u00dfergew\u00f6hnlicher Ausstattung und herausragendem Service f\u00fcr einen ultimativen Urlaub.\"","robots":{"index":"index","follow":"follow","max-snippet":"max-snippet:-1","max-image-preview":"max-image-preview:large","max-video-preview":"max-video-preview:-1"},"canonical":"https:\/\/hawanasalalah.com\/de\/stay\/","og_locale":"de_DE","og_type":"article","og_title":"Beste Hotels in Salalah \u2013 Hawana Salalah Hotels \u2013 Top-Hotels in Salalah.","og_description":"\"In Hawana Salalah finden Sie zahlreiche Zimmer und Suiten mit au\u00dfergew\u00f6hnlicher Ausstattung und herausragendem Service f\u00fcr einen ultimativen Urlaub.\"","og_url":"https:\/\/hawanasalalah.com\/de\/stay\/","og_site_name":"Hawana Salalah","article_modified_time":"2025-06-03T10:14:16+00:00","twitter_card":"summary_large_image","schema":{"@context":"https:\/\/schema.org","@graph":[{"@type":"WebPage","@id":"https:\/\/hawanasalalah.com\/de\/stay\/","url":"https:\/\/hawanasalalah.com\/de\/stay\/","name":"Beste Hotels in Salalah \u2013 Hawana Salalah Hotels \u2013 Top-Hotels in Salalah.","isPartOf":{"@id":"https:\/\/hawanasalalah.com\/de\/#website"},"datePublished":"2022-09-21T14:48:34+00:00","dateModified":"2025-06-03T10:14:16+00:00","description":"\"In Hawana Salalah finden Sie zahlreiche Zimmer und Suiten mit au\u00dfergew\u00f6hnlicher Ausstattung und herausragendem Service f\u00fcr einen ultimativen Urlaub.\"","breadcrumb":{"@id":"https:\/\/hawanasalalah.com\/de\/stay\/#breadcrumb"},"inLanguage":"de-DE","potentialAction":[{"@type":"ReadAction","target":["https:\/\/hawanasalalah.com\/de\/stay\/"]}]},{"@type":"BreadcrumbList","@id":"https:\/\/hawanasalalah.com\/de\/stay\/#breadcrumb","itemListElement":[{"@type":"ListItem","position":1,"name":"Home","item":"https:\/\/hawanasalalah.com\/de\/"},{"@type":"ListItem","position":2,"name":"Hotels"}]},{"@type":"WebSite","@id":"https:\/\/hawanasalalah.com\/de\/#website","url":"https:\/\/hawanasalalah.com\/de\/","name":"Hawana Salalah","description":"","potentialAction":[{"@type":"SearchAction","target":{"@type":"EntryPoint","urlTemplate":"https:\/\/hawanasalalah.com\/de\/?s={search_term_string}"},"query-input":{"@type":"PropertyValueSpecification","valueRequired":true,"valueName":"search_term_string"}}],"inLanguage":"de-DE"}]}},"_links":{"self":[{"href":"https:\/\/hawanasalalah.com\/de\/wp-json\/wp\/v2\/pages\/45060","targetHints":{"allow":["GET"]}}],"collection":[{"href":"https:\/\/hawanasalalah.com\/de\/wp-json\/wp\/v2\/pages"}],"about":[{"href":"https:\/\/hawanasalalah.com\/de\/wp-json\/wp\/v2\/types\/page"}],"author":[{"embeddable":true,"href":"https:\/\/hawanasalalah.com\/de\/wp-json\/wp\/v2\/users\/3"}],"replies":[{"embeddable":true,"href":"https:\/\/hawanasalalah.com\/de\/wp-json\/wp\/v2\/comments?post=45060"}],"version-history":[{"count":0,"href":"https:\/\/hawanasalalah.com\/de\/wp-json\/wp\/v2\/pages\/45060\/revisions"}],"wp:attachment":[{"href":"https:\/\/hawanasalalah.com\/de\/wp-json\/wp\/v2\/media?parent=45060"}],"curies":[{"name":"wp","href":"https:\/\/api.w.org\/{rel}","templated":true}]}}